{"id":423,"date":"2017-10-23T07:17:13","date_gmt":"2017-10-23T07:17:13","guid":{"rendered":"http:\/\/rbiodev.de\/?page_id=423"},"modified":"2024-01-15T09:02:38","modified_gmt":"2024-01-15T09:02:38","slug":"ihr-einstieg-bei-uns","status":"publish","type":"page","link":"https:\/\/dev.r-biopharm.com\/de\/karriere\/ihr-einstieg-bei-uns\/","title":{"rendered":"Ihr Einstieg bei uns"},"content":{"rendered":"<div class=\"wpb-content-wrapper\">[mk_page_section padding_top=&#8220;60&#8243; padding_bottom=&#8220;0&#8243; top_shape_color=&#8220;#ffffff&#8220; bottom_shape_color=&#8220;#ffffff&#8220; sidebar=&#8220;sidebar-1&#8243;][vc_column][vc_tabs style=&#8220;simple&#8220; container_bg_color=&#8220;#ffffff&#8220;][vc_tab title=&#8220;Sch\u00fcler&#8220; tab_id=&#8220;1508307206-1-71&#8243;][vc_row_inner][vc_column_inner width=&#8220;2\/3&#8243;][vc_column_text css=&#8220;.vc_custom_1670400704576{margin-bottom: 0px !important;}&#8220;]<strong>Was kommt nach der Schule?<\/strong><\/p>\n<p>Euren Traumberuf findet ihr nicht auf dem Schulhof. Was dir wirklich Spa\u00df macht, findest du nur heraus, wenn du es ausprobierst. Mit einem Sch\u00fclerpraktikum bei R-Biopharm siehst du, welcher Beruf zu dir passen k\u00f6nnte. Und nach einem erfolgreichen Schulabschluss startest du vielleicht eine Ausbildung bei uns!<\/p>\n<p>Dies ist der perfekte Einstieg in den Beruf. Vom ersten Tag an mitten in der Praxis \u2013 das bedeutet selbstst\u00e4ndiges Arbeiten und Verantwortung von Anfang an.<\/p>\n<p><strong>Willst du diese Chance wahrnehmen?<\/strong><\/p>\n<p>Auch f\u00fcr 2024 bieten wir wieder spannende und vielf\u00e4ltige Ausbildungspl\u00e4tze. Starte Deine Karriere in einem zukunftsweisenden Unternehmen mit besten Perspektiven und hervorragenden Weiterentwicklungsm\u00f6glichkeiten.<\/p>\n<p>Weitere Infos gibt es in K\u00fcrze!<\/p>\n<p><strong>F\u00fcr Schulabsolventen bieten wir verschiedene Ausbildungsberufe an:<\/strong>[\/vc_column_text][mk_toggle style=&#8220;fancy&#8220; title=&#8220;Biologielaborant (m\/w\/d)&#8220;]\n<h3>Was erwartet Dich bei uns?<\/h3>\n<ul>\n<li>3,5-j\u00e4hrige Berufsausbildung mit einer abwechslungsreichen Zeit und neue Herausforderungen<\/li>\n<li>Umfassender Einblick in unser Unternehmen und Kennenlernen der Abteilungen Produktion, Forschung &amp; Entwicklung sowie Qualit\u00e4tskontrolle mit ihren verschiedenen Fertigkeiten und Kenntnissen<\/li>\n<li>Mitarbeit im Labor unter Anwendung technischer Apparaturen<\/li>\n<li>Aufgaben im Bereich der Mikrobiologie, Molekularbiologie sowie Immunologie<\/li>\n<li>Theoretische und praktische Ausbildungsinhalte in der Berufsschule sowie bei Provadis, einem Anbieter von Bildungsdienstleistungen, in Frankfurt am Main<\/li>\n<li>M\u00f6glichkeit zur Verk\u00fcrzung der Ausbildungszeit<\/li>\n<\/ul>\n<h3>Was bringst Du mit?<\/h3>\n<ul>\n<li>Gute Fachhochschulreife oder Abitur mit den leistungsstarken F\u00e4chern Biologie, Chemie und Mathematik<\/li>\n<li>Erste Erfahrungen in der Arbeitswelt in Form von Praktika oder Auslandsaufenthalten<\/li>\n<li>Biologisches und chemisch-technisches Verst\u00e4ndnis sowie Interesse an praktikscher Laborarbeit<\/li>\n<li>Grundkenntnisse im Umgang mit MS-Office-Programmen<\/li>\n<li>Gute Auffassungsgabe und Fingerfertigkeit<\/li>\n<li>Teamf\u00e4higkeit und Lernbereitschaft<\/li>\n<li>Selbstst\u00e4ndige und sorgf\u00e4ltige Arbeitsweise sowie Eigenmotivation<\/li>\n<\/ul>\n[\/mk_toggle][mk_toggle style=&#8220;fancy&#8220; title=&#8220;Pharmakant (m\/w\/d)&#8220;]\n<h3>Was erwartet Dich bei uns?<\/h3>\n<ul>\n<li>3,5-j\u00e4hrige Berufsausbildung mit einer abwechslungsreichen Zeit und neue Herausforderungen<\/li>\n<li>Umfassender Einblick in unser Unternehmen<\/li>\n<li>Kennenlernen der Fertigkeiten und Kenntnissen der einzelnen T\u00e4tigkeitsfelder vom Abf\u00fcllen der Wirkstoffe \u00fcber die Steuerung von Fertigungsprozessen bis hin zur Qualit\u00e4tspr\u00fcfung innerhalb der Produktion<\/li>\n<li>Mitarbeit im Labor und Erlernen diverser Verfahrenstechniken unter Anwendung moderner technischer Einrichtungen<\/li>\n<li>Theoretische sowie praktische Ausbildungsinhalte in der Berufsschule sowie bei Provadis, einem Anbieter von Bildungsdienstleistungen, in Frankfurt am Main<\/li>\n<li>M\u00f6glichkeit zur Verk\u00fcrzung der Ausbildungszeit<\/li>\n<\/ul>\n<h3>Was bringst Du mit?<\/h3>\n<ul>\n<li>Guter Realschulabschluss, Fachhochschulreife oder Abitur mit den leistungsstarken F\u00e4chern Biologie, Chemie und Mathematik<\/li>\n<li>Erste Erfahrungen in der Arbeitswelt in Form von Praktika oder Auslandsaufenthalten<\/li>\n<li>Chemisch-technisches Verst\u00e4ndnis sowie Interesse an praktikscher Laborarbeit<\/li>\n<li>Grundkenntnisse im Umgang mit MS-Office-Programmen<\/li>\n<li>Gute Auffassungsgabe und Fingerfertigkeit<\/li>\n<li>Teamf\u00e4higkeit und Lernbereitschaft<\/li>\n<li>Selbstst\u00e4ndige und sorgf\u00e4ltige Arbeitsweise sowie Eigenmotivation<\/li>\n<\/ul>\n[\/mk_toggle][mk_toggle style=&#8220;fancy&#8220; title=&#8220;Fachlagerist (m\/w\/d)&#8220;]\n<h3>Was erwartet Dich bei uns?<\/h3>\n<ul>\n<li>2-j\u00e4hrige Berufsausbildung mit einer abwechslungsreichen Zeit und neuen Herausforderungen<\/li>\n<li>Umfassender Einblick in unser Unternehmen<\/li>\n<li>Annehmen, Kontrollieren, Einlagern und Einbuchen (mit Etikettenerstellung) der Waren von internen und externen Lieferanten<\/li>\n<li>Warenausgabe von Roh-, Hilfs- und Betriebsstoffen<\/li>\n<li>Reklamationsbearbeitung<\/li>\n<li>Scanner gest\u00fctztes Kommissionieren und Verpacken f\u00fcr den Warenausgang<\/li>\n<li>Erstellung von Frachtbriefen<\/li>\n<li>Sonstige lagerspezifische T\u00e4tigkeiten (Inventur, Material-pflege etc.)<\/li>\n<li>M\u00f6glichkeit der Verl\u00e4ngerung um ein weiteres Jahr zur Fachkraft f\u00fcr Lagerlogistik<\/li>\n<\/ul>\n<h3>Was bringst Du mit?<\/h3>\n<ul>\n<li>Guter Haupt- oder Realschulabschluss<\/li>\n<li>Zuverl\u00e4ssigkeit und Motivation f\u00fcr die T\u00e4tigkeiten im Lager sowie f\u00fcr die Berufsschule<\/li>\n<li>Freude am Umgang mit externen und internen Kunden<\/li>\n<li>Grundkenntnisse im Umgang mit MS-Office-Programmen<\/li>\n<li>Bereitschaft zum Erwerb des Staplerscheins sowie zur Weiterbildung im Gefahrgut-\/Gefahrstoffbereich<\/li>\n<li>Teamf\u00e4higkeit und Lernbereitschaft<\/li>\n<li>Bereitschaft zur Arbeit im K\u00fchlbereich<\/li>\n<li>Selbstst\u00e4ndige und sorgf\u00e4ltige Arbeitsweise sowie Eigenmotivation<\/li>\n<\/ul>\n[\/mk_toggle][mk_padding_divider size=&#8220;20&#8243;][vc_column_text css=&#8220;.vc_custom_1705309351520{margin-bottom: 0px !important;}&#8220;]<strong style=\"color: #009ead;\">Leider k\u00f6nnen wir f\u00fcr 2024 keine weiteren Bewerbungen f\u00fcr Sch\u00fclerpraktika ber\u00fccksichtigen, da bereits alle Pl\u00e4tze vergeben sind. Wir hoffen auf Dein Verst\u00e4ndnis!<\/strong>[\/vc_column_text][\/vc_column_inner][vc_column_inner width=&#8220;1\/3&#8243;][mk_image src=&#8220;https:\/\/dev.r-biopharm.com\/wp-content\/uploads\/2019-08_stellenanzeigen_testimonials_rb-website_ausbildung-de.jpg&#8220; image_size=&#8220;full&#8220;][mk_image src=&#8220;https:\/\/dev.r-biopharm.com\/wp-content\/uploads\/wir-bilden-fachkraefte-aus-data.png&#8220; image_width=&#8220;200&#8243; image_height=&#8220;200&#8243; align=&#8220;center&#8220;][\/vc_column_inner][\/vc_row_inner][\/vc_tab][vc_tab title=&#8220;Studenten&#8220; tab_id=&#8220;1508307206-2-51&#8243;][vc_row_inner][vc_column_inner width=&#8220;2\/3&#8243;][vc_column_text margin_bottom=&#8220;20&#8243; css=&#8220;.vc_custom_1570786708834{margin-bottom: 20px !important;}&#8220;]Theorie ist in der Praxis immer noch am sch\u00f6nsten!<br \/>\nWenn Sie Praxiserfahrung sammeln m\u00f6chten, die Sie wirklich weiterbringt, kommen Sie zu R-Biopharm als<\/p>\n<p><strong>Praktikant<\/strong><br \/>\nIm Rahmen eines Praktikums bei R-Biopharm setzen Sie Ihr bereits erworbenes, theoretisches Wissen aus dem Studium in die Praxis um. In anspruchsvollen Projekten sowie im operativen Tagesgesch\u00e4ft sammeln Sie wertvolle Praxiserfahrung.<\/p>\n<p><strong>Werkstudent<\/strong><br \/>\nAls Werkstudent k\u00f6nnen Sie semesterbegleitend Praxistraining absolvieren. Einsatzm\u00f6glichkeiten bestehen in nahezu allen Unternehmensbereichen.<\/p>\n<p><strong>Bacherlorand\/Masterand\/Doktorand<\/strong><br \/>\nEine praxisorientierte Abschlussarbeit kann bereits Ihr Einstieg ins Berufsleben sein. Mit einem unserer vorgeschlagenen Themen oder einem, das Sie zusammen mit uns entwickeln, k\u00f6nnen Sie den Grundstein f\u00fcr Ihren sp\u00e4teren Start bei R-Biopharm legen.[\/vc_column_text][\/vc_column_inner][vc_column_inner width=&#8220;1\/3&#8243;][mk_image src=&#8220;https:\/\/dev.r-biopharm.com\/wp-content\/uploads\/2019-08_stellenanzeigen_testimonials_rb-website_student-de.jpg&#8220; image_size=&#8220;full&#8220;][mk_image src=&#8220;https:\/\/dev.r-biopharm.com\/wp-content\/uploads\/logo_hsf_png-scaled.jpg&#8220; image_width=&#8220;400&#8243; image_height=&#8220;175&#8243; link=&#8220;https:\/\/dev.r-biopharm.com\/wp-content\/uploads\/urkunde_hochschule-fresenius.pdf&#8220; target=&#8220;_blank&#8220; align=&#8220;right&#8220;][\/vc_column_inner][\/vc_row_inner][\/vc_tab][vc_tab title=&#8220;Trainees&#8220; tab_id=&#8220;1508307841389-2-8&#8243;][vc_row_inner][vc_column_inner width=&#8220;2\/3&#8243;][vc_column_text margin_bottom=&#8220;20&#8243; css=&#8220;.vc_custom_1570786451597{margin-bottom: 20px !important;}&#8220;]Als Trainee werden Sie f\u00fcr jeweils 8 Monate in drei Abteilungen eingesetzt. Neben dem Tagesgesch\u00e4ft, werden Ihnen diverse Projektarbeiten anvertraut, die Sie selbst\u00e4ndig und in Eigenverantwortung bearbeiten. So sammeln Sie wertvolle praktische Erfahrung in der Arbeitsweise eines innovativen Biotechnologieunternehmens. Dar\u00fcber hinaus haben Sie die M\u00f6glichkeit den Verlauf des Programms Ihren w\u00fcnschen entsprechend anzupassen, so dass Sie in den Bereichen und Projekten Erfahrungen sammeln k\u00f6nnen, die Sie am meisten interessieren. So haben Sie die M\u00f6glichkeit mit einer Vielzahl von Kollegen zusammen zu arbeiten und entsprechend von Ihrem Know-How zu lernen. Auf Wunsch hin, ist auch ein Arbeitseinsatz bei einem unserer T\u00f6chterunternehmen im Ausland m\u00f6glich. Als Trainee k\u00f6nnen Sie in drei der folgenden Abteilungen Erfahrungen sammeln:<\/p>\n<ul>\n<li>Forschung &amp; Entwicklung<\/li>\n<li>Produktion<\/li>\n<li>Marketing \/ Vertrieb<\/li>\n<li>Qualit\u00e4tssicherung<\/li>\n<li>Analytisch-Technisches Labor<\/li>\n<\/ul>\n<p>Das Traineeprogramm ist f\u00fcr eine Dauer von 24 Monaten in Vollzeit ausgelegt.<\/p>\n<p><strong>Das zeichnet Sie aus<\/strong><\/p>\n<ul>\n<li>Sie haben Ihren Studienabschluss in einem naturwissenschaftlichen Studium (Biochemie, Chemie, Biologie, Biotechnologie, Lebensmitteltechnologie o.\u00e4.) mit einer guten bis sehr guten Leistung abgeschlossen<\/li>\n<li>Sie konnten bereits erste berufliche Erfahrungen in Praktika oder Nebenjobs sammeln<\/li>\n<li>Vorzugsweise konnten Sie in Form von Auslandssemestern oder l\u00e4ngeren Aufenthalten Auslandserfahrung sammeln<\/li>\n<li>Sie haben Spa\u00df an einem abwechslungsreichen Aufgabenfeld und Freude an der Arbeit mit Menschen<\/li>\n<li>Sie haben Spa\u00df daran sich in neue T\u00e4tigkeitsfelder einzuarbeiten<\/li>\n<li>Sie verf\u00fcgen \u00fcber gute Englischkenntnisse<\/li>\n<\/ul>\n[\/vc_column_text][\/vc_column_inner][vc_column_inner width=&#8220;1\/3&#8243;][mk_image_slideshow images=&#8220;2554,2566&#8243; image_width=&#8220;533&#8243; image_height=&#8220;800&#8243;][\/vc_column_inner][\/vc_row_inner][\/vc_tab][vc_tab title=&#8220;Professionals&#8220; tab_id=&#8220;1508307853202-3-9&#8243;][vc_row_inner][vc_column_inner width=&#8220;2\/3&#8243;][vc_column_text margin_bottom=&#8220;20&#8243; css=&#8220;.vc_custom_1570786638477{margin-bottom: 20px !important;}&#8220;]Sie haben Ihre Ausbildung oder Studium gerade abgeschlossen oder bereits einige Jahre Berufserfahrung gesammelt und suchen jetzt\u00a0eine neue Herausforderung\u00a0in einem dynamischen und erfolgreichen Unternehmen mit Tradition und st\u00e4ndiger Innovation?<\/p>\n<p>Wir bei R-Biopharm wissen, dass die Mitarbeiter das wichtigste Potenzial eines erfolgreichen Unternehmens sind. Wir bauen auf eine gesunde Mischung aus Nachwuchskr\u00e4ften und erfahrenen Mitarbeitern.<\/p>\n<p>Welche spezifischen Qualifikationen und F\u00e4higkeiten Sie f\u00fcr den Einstieg bei R-Biopharm mitbringen sollten, unterscheidet sich je nach Anforderungsprofil der offenen Stelle.[\/vc_column_text][\/vc_column_inner][vc_column_inner width=&#8220;1\/3&#8243;][mk_image_slideshow images=&#8220;2578,2518,2488,2530&#8243; image_width=&#8220;533&#8243; image_height=&#8220;800&#8243;][\/vc_column_inner][\/vc_row_inner][\/vc_tab][\/vc_tabs][vc_column_text margin_bottom=&#8220;20&#8243; css=&#8220;.vc_custom_1554371322193{margin-bottom: 20px !important;}&#8220;]\n<h3 class=\"knubbel\">Kontakt Personalabteilung<\/h3>\n[\/vc_column_text][mk_contact_info phone=&#8220;0 61 51 &#8211; 81 02-0&#8243; email=&#8220;b&#101;&#119;&#101;&#x72;&#x62;&#x75;ng&#64;&#114;&#x2d;&#x62;&#x69;&#x6f;ph&#97;&#114;&#x6d;&#x2e;&#x64;&#x65;&#8220; address=&#8220;An der neuen Bergstrasse 17<br \/>\n64297 Darmstadt&#8220; company=&#8220;R-Biopharm \u2013 Personalabteilung&#8220;][mk_button dimension=&#8220;flat&#8220; url=&#8220;\/de\/stellenangebote\/&#8220; margin_top=&#8220;20&#8243; margin_bottom=&#8220;40&#8243; bg_color=&#8220;#4d4d4d&#8220; btn_hover_bg=&#8220;#ffffff&#8220; btn_hover_txt_color=&#8220;#4d4d4d&#8220;]Aktuelle Stellenangebote[\/mk_button][mk_padding_divider size=&#8220;50&#8243;][\/vc_column][\/mk_page_section][mk_page_section bg_color=&#8220;#f7f7f7&#8243; padding_top=&#8220;20&#8243; padding_bottom=&#8220;20&#8243; sidebar=&#8220;sidebar-1&#8243;][vc_column][vc_column_text align=&#8220;center&#8220; css=&#8220;.vc_custom_1570786388416{margin-bottom: 0px !important;}&#8220;]\n<h2>Haben wir Ihr Interesse geweckt?<\/h2>\n[\/vc_column_text][mk_button dimension=&#8220;flat&#8220; url=&#8220;\/de\/kontakt&#8220; align=&#8220;center&#8220; margin_bottom=&#8220;&#8220; bg_color=&#8220;#4d4d4d&#8220; btn_hover_bg=&#8220;#ffffff&#8220; btn_hover_txt_color=&#8220;#4d4d4d&#8220;]Jetzt bewerben![\/mk_button][\/vc_column][\/mk_page_section]\n<\/div>","protected":false},"excerpt":{"rendered":"<p>[mk_page_section padding_top=&#8220;60&#8243; padding_bottom=&#8220;0&#8243; top_shape_color=&#8220;#ffffff&#8220; bottom_shape_color=&#8220;#ffffff&#8220; sidebar=&#8220;sidebar-1&#8243;][vc_column][vc_tabs style=&#8220;simple&#8220; container_bg_color=&#8220;#ffffff&#8220;][vc_tab title=&#8220;Sch\u00fcler&#8220; tab_id=&#8220;1508307206-1-71&#8243;][vc_row_inner][vc_column_inner width=&#8220;2\/3&#8243;][vc_column_text css=&#8220;.vc_custom_1670400704576{margin-bottom: 0px !important;}&#8220;]Was kommt nach der Schule? Euren Traumberuf findet ihr nicht auf dem Schulhof. Was dir wirklich Spa\u00df macht, findest du nur heraus, wenn du es ausprobierst. Mit einem Sch\u00fclerpraktikum bei R-Biopharm siehst du, welcher Beruf zu dir passen k\u00f6nnte. Und nach einem [&hellip;]<\/p>\n","protected":false},"author":1,"featured_media":0,"parent":385,"menu_order":0,"comment_status":"closed","ping_status":"closed","template":"","meta":{"inline_featured_image":false,"footnotes":""},"acf":[],"yoast_head":"<!-- This site is optimized with the Yoast SEO plugin v21.8 - https:\/\/yoast.com\/wordpress\/plugins\/seo\/ -->\n<title>Ihr Einstieg bei uns - R-Biopharm AG<\/title>\n<meta name=\"robots\" content=\"noindex, follow, max-snippet:-1, max-image-preview:large, max-video-preview:-1\" \/>\n<meta property=\"og:locale\" content=\"de_DE\" \/>\n<meta property=\"og:type\" content=\"article\" \/>\n<meta property=\"og:title\" content=\"Ihr Einstieg bei uns - R-Biopharm AG\" \/>\n<meta property=\"og:description\" content=\"[mk_page_section padding_top=&#8220;60&#8243; padding_bottom=&#8220;0&#8243; top_shape_color=&#8220;#ffffff&#8220; bottom_shape_color=&#8220;#ffffff&#8220; sidebar=&#8220;sidebar-1&#8243;][vc_column][vc_tabs style=&#8220;simple&#8220; container_bg_color=&#8220;#ffffff&#8220;][vc_tab title=&#8220;Sch\u00fcler&#8220; tab_id=&#8220;1508307206-1-71&#8243;][vc_row_inner][vc_column_inner width=&#8220;2\/3&#8243;][vc_column_text css=&#8220;.vc_custom_1670400704576{margin-bottom: 0px !important;}&#8220;]Was kommt nach der Schule? Euren Traumberuf findet ihr nicht auf dem Schulhof. Was dir wirklich Spa\u00df macht, findest du nur heraus, wenn du es ausprobierst. Mit einem Sch\u00fclerpraktikum bei R-Biopharm siehst du, welcher Beruf zu dir passen k\u00f6nnte. Und nach einem [&hellip;]\" \/>\n<meta property=\"og:url\" content=\"https:\/\/dev.r-biopharm.com\/de\/karriere\/ihr-einstieg-bei-uns\/\" \/>\n<meta property=\"og:site_name\" content=\"R-Biopharm AG\" \/>\n<meta property=\"article:modified_time\" content=\"2024-01-15T09:02:38+00:00\" \/>\n<meta name=\"twitter:label1\" content=\"Gesch\u00e4tzte Lesezeit\" \/>\n\t<meta name=\"twitter:data1\" content=\"6\u00a0Minuten\" \/>\n<script type=\"application\/ld+json\" class=\"yoast-schema-graph\">{\"@context\":\"https:\/\/schema.org\",\"@graph\":[{\"@type\":\"WebPage\",\"@id\":\"https:\/\/dev.r-biopharm.com\/de\/karriere\/ihr-einstieg-bei-uns\/\",\"url\":\"https:\/\/dev.r-biopharm.com\/de\/karriere\/ihr-einstieg-bei-uns\/\",\"name\":\"Ihr Einstieg bei uns - R-Biopharm AG\",\"isPartOf\":{\"@id\":\"https:\/\/dev.dev.r-biopharm.com\/#website\"},\"datePublished\":\"2017-10-23T07:17:13+00:00\",\"dateModified\":\"2024-01-15T09:02:38+00:00\",\"breadcrumb\":{\"@id\":\"https:\/\/dev.r-biopharm.com\/de\/karriere\/ihr-einstieg-bei-uns\/#breadcrumb\"},\"inLanguage\":\"de\",\"potentialAction\":[{\"@type\":\"ReadAction\",\"target\":[\"https:\/\/dev.r-biopharm.com\/de\/karriere\/ihr-einstieg-bei-uns\/\"]}]},{\"@type\":\"BreadcrumbList\",\"@id\":\"https:\/\/dev.r-biopharm.com\/de\/karriere\/ihr-einstieg-bei-uns\/#breadcrumb\",\"itemListElement\":[{\"@type\":\"ListItem\",\"position\":1,\"name\":\"Home\",\"item\":\"https:\/\/dev.r-biopharm.com\/de\/\"},{\"@type\":\"ListItem\",\"position\":2,\"name\":\"Karriere\",\"item\":\"https:\/\/dev.r-biopharm.com\/de\/karriere\/\"},{\"@type\":\"ListItem\",\"position\":3,\"name\":\"Ihr Einstieg bei uns\"}]},{\"@type\":\"WebSite\",\"@id\":\"https:\/\/dev.dev.r-biopharm.com\/#website\",\"url\":\"https:\/\/dev.dev.r-biopharm.com\/\",\"name\":\"R-Biopharm AG\",\"description\":\"\",\"potentialAction\":[{\"@type\":\"SearchAction\",\"target\":{\"@type\":\"EntryPoint\",\"urlTemplate\":\"https:\/\/dev.dev.r-biopharm.com\/?s={search_term_string}\"},\"query-input\":\"required name=search_term_string\"}],\"inLanguage\":\"de\"}]}<\/script>\n<!-- \/ Yoast SEO plugin. -->","yoast_head_json":{"title":"Ihr Einstieg bei uns - R-Biopharm AG","robots":{"index":"noindex","follow":"follow","max-snippet":"max-snippet:-1","max-image-preview":"max-image-preview:large","max-video-preview":"max-video-preview:-1"},"og_locale":"de_DE","og_type":"article","og_title":"Ihr Einstieg bei uns - R-Biopharm AG","og_description":"[mk_page_section padding_top=&#8220;60&#8243; padding_bottom=&#8220;0&#8243; top_shape_color=&#8220;#ffffff&#8220; bottom_shape_color=&#8220;#ffffff&#8220; sidebar=&#8220;sidebar-1&#8243;][vc_column][vc_tabs style=&#8220;simple&#8220; container_bg_color=&#8220;#ffffff&#8220;][vc_tab title=&#8220;Sch\u00fcler&#8220; tab_id=&#8220;1508307206-1-71&#8243;][vc_row_inner][vc_column_inner width=&#8220;2\/3&#8243;][vc_column_text css=&#8220;.vc_custom_1670400704576{margin-bottom: 0px !important;}&#8220;]Was kommt nach der Schule? Euren Traumberuf findet ihr nicht auf dem Schulhof. Was dir wirklich Spa\u00df macht, findest du nur heraus, wenn du es ausprobierst. Mit einem Sch\u00fclerpraktikum bei R-Biopharm siehst du, welcher Beruf zu dir passen k\u00f6nnte. Und nach einem [&hellip;]","og_url":"https:\/\/dev.r-biopharm.com\/de\/karriere\/ihr-einstieg-bei-uns\/","og_site_name":"R-Biopharm AG","article_modified_time":"2024-01-15T09:02:38+00:00","twitter_misc":{"Gesch\u00e4tzte Lesezeit":"6\u00a0Minuten"},"schema":{"@context":"https:\/\/schema.org","@graph":[{"@type":"WebPage","@id":"https:\/\/dev.r-biopharm.com\/de\/karriere\/ihr-einstieg-bei-uns\/","url":"https:\/\/dev.r-biopharm.com\/de\/karriere\/ihr-einstieg-bei-uns\/","name":"Ihr Einstieg bei uns - R-Biopharm AG","isPartOf":{"@id":"https:\/\/dev.dev.r-biopharm.com\/#website"},"datePublished":"2017-10-23T07:17:13+00:00","dateModified":"2024-01-15T09:02:38+00:00","breadcrumb":{"@id":"https:\/\/dev.r-biopharm.com\/de\/karriere\/ihr-einstieg-bei-uns\/#breadcrumb"},"inLanguage":"de","potentialAction":[{"@type":"ReadAction","target":["https:\/\/dev.r-biopharm.com\/de\/karriere\/ihr-einstieg-bei-uns\/"]}]},{"@type":"BreadcrumbList","@id":"https:\/\/dev.r-biopharm.com\/de\/karriere\/ihr-einstieg-bei-uns\/#breadcrumb","itemListElement":[{"@type":"ListItem","position":1,"name":"Home","item":"https:\/\/dev.r-biopharm.com\/de\/"},{"@type":"ListItem","position":2,"name":"Karriere","item":"https:\/\/dev.r-biopharm.com\/de\/karriere\/"},{"@type":"ListItem","position":3,"name":"Ihr Einstieg bei uns"}]},{"@type":"WebSite","@id":"https:\/\/dev.dev.r-biopharm.com\/#website","url":"https:\/\/dev.dev.r-biopharm.com\/","name":"R-Biopharm AG","description":"","potentialAction":[{"@type":"SearchAction","target":{"@type":"EntryPoint","urlTemplate":"https:\/\/dev.dev.r-biopharm.com\/?s={search_term_string}"},"query-input":"required name=search_term_string"}],"inLanguage":"de"}]}},"_links":{"self":[{"href":"https:\/\/dev.r-biopharm.com\/de\/wp-json\/wp\/v2\/pages\/423"}],"collection":[{"href":"https:\/\/dev.r-biopharm.com\/de\/wp-json\/wp\/v2\/pages"}],"about":[{"href":"https:\/\/dev.r-biopharm.com\/de\/wp-json\/wp\/v2\/types\/page"}],"author":[{"embeddable":true,"href":"https:\/\/dev.r-biopharm.com\/de\/wp-json\/wp\/v2\/users\/1"}],"replies":[{"embeddable":true,"href":"https:\/\/dev.r-biopharm.com\/de\/wp-json\/wp\/v2\/comments?post=423"}],"version-history":[{"count":81,"href":"https:\/\/dev.r-biopharm.com\/de\/wp-json\/wp\/v2\/pages\/423\/revisions"}],"predecessor-version":[{"id":9518,"href":"https:\/\/dev.r-biopharm.com\/de\/wp-json\/wp\/v2\/pages\/423\/revisions\/9518"}],"up":[{"embeddable":true,"href":"https:\/\/dev.r-biopharm.com\/de\/wp-json\/wp\/v2\/pages\/385"}],"wp:attachment":[{"href":"https:\/\/dev.r-biopharm.com\/de\/wp-json\/wp\/v2\/media?parent=423"}],"curies":[{"name":"wp","href":"https:\/\/api.w.org\/{rel}","templated":true}]}}