{"id":8800,"date":"2023-03-15T12:11:46","date_gmt":"2023-03-15T12:11:46","guid":{"rendered":"https:\/\/r-biopharm.com\/?page_id=8800"},"modified":"2023-03-15T12:11:46","modified_gmt":"2023-03-15T12:11:46","slug":"certified-quality","status":"publish","type":"page","link":"https:\/\/dev.r-biopharm.com\/de\/certified-quality\/","title":{"rendered":"Certified Quality"},"content":{"rendered":"<div class=\"wpb-content-wrapper\">[mk_page_section bg_image=&#8220;https:\/\/dev.r-biopharm.com\/wp-content\/uploads\/230315_rbio_q-seite_header_desktop.jpg&#8220; bg_position=&#8220;center center&#8220; bg_repeat=&#8220;no-repeat&#8220; bg_stretch=&#8220;true&#8220; min_height=&#8220;200&#8243; full_width=&#8220;true&#8220; js_vertical_centered=&#8220;true&#8220; visibility=&#8220;hidden-nb&#8220; sidebar=&#8220;sidebar-1&#8243;][vc_column][\/vc_column][\/mk_page_section][mk_page_section bg_image=&#8220;https:\/\/dev.r-biopharm.com\/wp-content\/uploads\/230315_rbio_q-seite_header_mobile.jpg&#8220; bg_position=&#8220;center center&#8220; bg_repeat=&#8220;no-repeat&#8220; bg_stretch=&#8220;true&#8220; adaptive_height=&#8220;true&#8220; full_width=&#8220;true&#8220; js_vertical_centered=&#8220;true&#8220; visibility=&#8220;visible-nb&#8220; sidebar=&#8220;sidebar-1&#8243;][vc_column][\/vc_column][\/mk_page_section][vc_row][vc_column][mk_padding_divider][vc_column_text css=&#8220;.vc_custom_1678879762795{margin-bottom: 0px !important;}&#8220;]\n<h1>Certified Quality<\/h1>\n<h2>Das Bekenntnis von R-Biopharm zu verl\u00e4sslich hoher Qualit\u00e4t<\/h2>\n[\/vc_column_text][mk_padding_divider size=&#8220;30&#8243;][\/vc_column][\/vc_row][vc_row][vc_column width=&#8220;2\/3&#8243;][mk_padding_divider size=&#8220;30&#8243;][vc_column_text css=&#8220;.vc_custom_1678879812839{margin-bottom: 0px !important;}&#8220;]Als international anerkannter Spitzenanbieter entwickelt R-Biopharm exzellente Technologien, Produkte und L\u00f6sungen. F\u00fcr die Lebensmittel- und Futtermittelanalytik tun wir das auf Basis der Anforderungen der ISO 9001:2015, f\u00fcr die Klinische Diagnostik und Nutrition Care auf Basis der Anforderungen von DIN EN ISO 13485:2016, MDSAP und der entsprechenden EU-Regularien f\u00fcr In-vitro-Diagnostika.<\/p>\n<p>Ein Qualit\u00e4tsmanagementsystem einzuf\u00fchren und kontinuierlich weiterzuentwickeln und zu verbessern, ist eine bewusste strategische Entscheidung von R-Biopharm. Wir m\u00f6chten damit die Anforderungen und Bed\u00fcrfnisse der verschiedenen Anspruchsgruppen erf\u00fcllen, mit denen wir zusammenarbeiten und f\u00fcr die wir unsere Produkte und L\u00f6sungen entwickeln. Wir verstehen das QM-System nicht als ein Verkaufsargument, vielmehr stellt es die Basis unserer t\u00e4glichen Arbeit dar. Ein wirksames QM-System steigert nicht nur die Qualit\u00e4t, sondern kann auch die Abl\u00e4ufe mit Blick auf Zeit und Kosten optimieren.[\/vc_column_text][\/vc_column][vc_column width=&#8220;1\/3&#8243;][vc_single_image image=&#8220;7833&#8243; img_size=&#8220;full&#8220; alignment=&#8220;center&#8220; onclick=&#8220;custom_link&#8220; link=&#8220;https:\/\/dev.r-biopharm.com\/de\/r-biopharm-ist-ivdr-zertifiziert\/&#8220;][\/vc_column][\/vc_row][vc_row][vc_column][vc_column_text css=&#8220;.vc_custom_1678879852690{margin-bottom: 0px !important;}&#8220;]Die R-Biopharm AG wurde 1996 erstmals nach der allgemeinen Qualit\u00e4tsmanagement-Norm ISO 9001 zertifiziert. 2003 erfolgte die Zertifizierung nach der Norm DIN EN ISO 13485 f\u00fcr Medizinprodukte. Die Zertifizierung nach MDSAP erfolgte 2018. Dar\u00fcber hinaus geh\u00f6rte R-Biopharm zu den ersten Unternehmen, die sich mit ihrem Qualit\u00e4tsmanagementsystem im Herbst 2021 der umfassenden Pr\u00fcfung f\u00fcr die neue IVDR-Zertifizierung gestellt haben. Im Sommer 2022 hat R-Biopharm das entsprechende Zertifikat gem\u00e4\u00df der neuen EU-Verordnung f\u00fcr In-vitro-Diagnostika erhalten.[\/vc_column_text][mk_padding_divider size=&#8220;30&#8243;][\/vc_column][\/vc_row][vc_row][vc_column][vc_row_inner][vc_column_inner][mk_image src=&#8220;https:\/\/dev.r-biopharm.com\/wp-content\/uploads\/220104_r-bio_icons_download.png&#8220; image_width=&#8220;120&#8243; image_height=&#8220;120&#8243;][mk_padding_divider size=&#8220;20&#8243;][\/vc_column_inner][\/vc_row_inner][vc_tta_tabs style=&#8220;modern&#8220; color=&#8220;white&#8220; active_section=&#8220;1&#8243; title=&#8220;Dokumente:&#8220;][vc_tta_section title=&#8220;Zertifikate&#8220; tab_id=&#8220;1678707375557-26af8aff-74bc&#8220;][vc_column_text css=&#8220;.vc_custom_1678707434088{margin-bottom: 0px !important;}&#8220;]\n<ul>\n<li><a href=\"https:\/\/dev.r-biopharm.com\/wp-content\/uploads\/ivdr-certificate.pdf\" target=\"_blank\" rel=\"noopener\">IVDR Certificate<\/a><\/li>\n<li><a href=\"https:\/\/dev.r-biopharm.com\/wp-content\/uploads\/certificate-iso-9001-de_gesamt.pdf\" target=\"_blank\" rel=\"noopener\">Certificate ISO 9001 (DE)<\/a><\/li>\n<li><a href=\"https:\/\/dev.r-biopharm.com\/wp-content\/uploads\/iso-13485-certificate_de.pdf\" target=\"_blank\" rel=\"noopener\">Certificate ISO 13485 (DE)<\/a><\/li>\n<li><a href=\"https:\/\/dev.r-biopharm.com\/wp-content\/uploads\/certificate-mdsap-en-2.pdf\" target=\"_blank\" rel=\"noopener\">Certificate MDSAP (EN)<\/a><\/li>\n<li><a href=\"https:\/\/dev.r-biopharm.com\/wp-content\/uploads\/r-biopharm-inc.-final.pdf\" target=\"_blank\" rel=\"noopener\">R-Biopharm Inc.: Certificate ISO 9001:2015 (EN)<\/a><\/li>\n<\/ul>\n[\/vc_column_text][\/vc_tta_section][vc_tta_section title=&#8220;Energieaudit&#8220; tab_id=&#8220;1678707375708-b70ddbad-07f2&#8243;][vc_column_text css=&#8220;.vc_custom_1678707450992{margin-bottom: 0px !important;}&#8220;]\n<ul>\n<li><a href=\"https:\/\/dev.r-biopharm.com\/wp-content\/uploads\/energie-audit_sw.pdf\">Zertifikat Energieaudit nach EN 16247-1\/ISO 50002 (DE)<\/a><\/li>\n<\/ul>\n[\/vc_column_text][\/vc_tta_section][vc_tta_section title=&#8220;Verpackungen&#8220; tab_id=&#8220;1678707375816-2b20b8a9-1ec5&#8243;][vc_column_text css=&#8220;.vc_custom_1678707468528{margin-bottom: 0px !important;}&#8220;]\n<ul>\n<li><a href=\"https:\/\/dev.r-biopharm.com\/wp-content\/uploads\/teilnehmerzertifikat-de-2020.pdf\">Teilnahmezertifikat 2019 f\u00fcr systembeteiligungspflichtige Verpackungen (DE)<\/a><\/li>\n<\/ul>\n[\/vc_column_text][\/vc_tta_section][\/vc_tta_tabs][\/vc_column][\/vc_row][vc_row disable_element=&#8220;yes&#8220;][vc_column][vc_tta_tabs active_section=&#8220;1&#8243; title=&#8220;Zertifikate&#8220;][vc_tta_section title=&#8220;Zertifikate&#8220; tab_id=&#8220;1678351587317-e33ee450-6d1d&#8220;][vc_row_inner][vc_column_inner width=&#8220;1\/5&#8243;][vc_single_image image=&#8220;8810&#8243; img_size=&#8220;full&#8220; alignment=&#8220;center&#8220; onclick=&#8220;custom_link&#8220; img_link_target=&#8220;_blank&#8220; link=&#8220;https:\/\/dev.r-biopharm.com\/wp-content\/uploads\/ivdr-certificate.pdf&#8220;][\/vc_column_inner][vc_column_inner width=&#8220;1\/5&#8243;][vc_single_image image=&#8220;8820&#8243; img_size=&#8220;full&#8220; alignment=&#8220;center&#8220; onclick=&#8220;custom_link&#8220; img_link_target=&#8220;_blank&#8220; link=&#8220;https:\/\/dev.r-biopharm.com\/wp-content\/uploads\/certificate-iso-9001-de_gesamt.pdf&#8220;][\/vc_column_inner][vc_column_inner width=&#8220;1\/5&#8243;][vc_single_image image=&#8220;8827&#8243; img_size=&#8220;full&#8220; alignment=&#8220;center&#8220; onclick=&#8220;custom_link&#8220; img_link_target=&#8220;_blank&#8220; link=&#8220;https:\/\/dev.r-biopharm.com\/wp-content\/uploads\/iso-13485-certificate_de.pdf&#8220;][\/vc_column_inner][vc_column_inner width=&#8220;1\/5&#8243;][vc_single_image image=&#8220;8834&#8243; img_size=&#8220;full&#8220; alignment=&#8220;center&#8220; onclick=&#8220;custom_link&#8220; img_link_target=&#8220;_blank&#8220; link=&#8220;https:\/\/dev.r-biopharm.com\/wp-content\/uploads\/certificate-mdsap-en-2.pdf&#8220;][\/vc_column_inner][vc_column_inner width=&#8220;1\/5&#8243;][vc_single_image image=&#8220;8840&#8243; img_size=&#8220;full&#8220; alignment=&#8220;center&#8220; onclick=&#8220;custom_link&#8220; link=&#8220;https:\/\/dev.r-biopharm.com\/wp-content\/uploads\/r-biopharm-inc.-final.pdf&#8220;][\/vc_column_inner][\/vc_row_inner][vc_row_inner][vc_column_inner width=&#8220;1\/5&#8243;][vc_column_text align=&#8220;center&#8220; css=&#8220;.vc_custom_1678351886241{margin-bottom: 0px !important;}&#8220;]<a href=\"https:\/\/dev.r-biopharm.com\/wp-content\/uploads\/ivdr-certificate.pdf\" target=\"_blank\" rel=\"noopener\">IVDR Certificate<\/a>[\/vc_column_text][\/vc_column_inner][vc_column_inner width=&#8220;1\/5&#8243;][vc_column_text align=&#8220;center&#8220; css=&#8220;.vc_custom_1678352046293{margin-bottom: 0px !important;}&#8220;]<a href=\"https:\/\/dev.r-biopharm.com\/wp-content\/uploads\/certificate-iso-9001-de_gesamt.pdf\" target=\"_blank\" rel=\"noopener\">Certificate ISO 9001 (DE)<\/a>[\/vc_column_text][\/vc_column_inner][vc_column_inner width=&#8220;1\/5&#8243;][vc_column_text align=&#8220;center&#8220; css=&#8220;.vc_custom_1678352145768{margin-bottom: 0px !important;}&#8220;]<a href=\"https:\/\/dev.r-biopharm.com\/wp-content\/uploads\/iso-13485-certificate_de.pdf\" target=\"_blank\" rel=\"noopener\">Certificate ISO 13485 (DE)<\/a>[\/vc_column_text][\/vc_column_inner][vc_column_inner width=&#8220;1\/5&#8243;][vc_column_text align=&#8220;center&#8220; css=&#8220;.vc_custom_1678352259853{margin-bottom: 0px !important;}&#8220;]<a href=\"https:\/\/dev.r-biopharm.com\/wp-content\/uploads\/certificate-mdsap-en-2.pdf\" target=\"_blank\" rel=\"noopener\">Certificate MDSAP (EN)<\/a>[\/vc_column_text][\/vc_column_inner][vc_column_inner width=&#8220;1\/5&#8243;][vc_column_text align=&#8220;center&#8220; css=&#8220;.vc_custom_1678352357729{margin-bottom: 0px !important;}&#8220;]<a href=\"https:\/\/dev.r-biopharm.com\/wp-content\/uploads\/r-biopharm-inc.-final.pdf\" target=\"_blank\" rel=\"noopener\">R-Biopharm Inc.: Certificate ISO 9001:2015 (EN)<\/a>[\/vc_column_text][\/vc_column_inner][\/vc_row_inner][\/vc_tta_section][vc_tta_section title=&#8220;Energieaudit&#8220; tab_id=&#8220;1678351587323-7a12e388-a55b&#8220;][vc_row_inner][vc_column_inner width=&#8220;1\/5&#8243;][vc_single_image image=&#8220;8859&#8243; img_size=&#8220;full&#8220; alignment=&#8220;center&#8220; onclick=&#8220;custom_link&#8220; img_link_target=&#8220;_blank&#8220; link=&#8220;https:\/\/dev.r-biopharm.com\/wp-content\/uploads\/energie-audit_sw.pdf&#8220;][\/vc_column_inner][vc_column_inner width=&#8220;1\/5&#8243;][\/vc_column_inner][vc_column_inner width=&#8220;1\/5&#8243;][\/vc_column_inner][vc_column_inner width=&#8220;1\/5&#8243;][\/vc_column_inner][vc_column_inner width=&#8220;1\/5&#8243;][\/vc_column_inner][\/vc_row_inner][vc_row_inner][vc_column_inner width=&#8220;1\/5&#8243;][vc_column_text align=&#8220;center&#8220; css=&#8220;.vc_custom_1678434650666{margin-bottom: 0px !important;}&#8220;]<a href=\"https:\/\/dev.r-biopharm.com\/wp-content\/uploads\/energie-audit_sw.pdf\" target=\"_blank\" rel=\"noopener\">Zertifikat Energieaudit nach EN 16247-1\/ISO 50002 (DE)<\/a>[\/vc_column_text][\/vc_column_inner][vc_column_inner width=&#8220;1\/5&#8243;][\/vc_column_inner][vc_column_inner width=&#8220;1\/5&#8243;][\/vc_column_inner][vc_column_inner width=&#8220;1\/5&#8243;][\/vc_column_inner][vc_column_inner width=&#8220;1\/5&#8243;][\/vc_column_inner][\/vc_row_inner][\/vc_tta_section][vc_tta_section title=&#8220;Verpackungen&#8220; tab_id=&#8220;1678434678687-2fe367d8-2388&#8243;][vc_row_inner][vc_column_inner width=&#8220;1\/5&#8243;][vc_single_image image=&#8220;8868&#8243; img_size=&#8220;full&#8220; alignment=&#8220;center&#8220; onclick=&#8220;custom_link&#8220; img_link_target=&#8220;_blank&#8220; link=&#8220;https:\/\/dev.r-biopharm.com\/wp-content\/uploads\/teilnehmerzertifikat-de-2020.pdf&#8220;][\/vc_column_inner][vc_column_inner width=&#8220;1\/5&#8243;][\/vc_column_inner][vc_column_inner width=&#8220;1\/5&#8243;][\/vc_column_inner][vc_column_inner width=&#8220;1\/5&#8243;][\/vc_column_inner][vc_column_inner width=&#8220;1\/5&#8243;][\/vc_column_inner][\/vc_row_inner][vc_row_inner][vc_column_inner width=&#8220;1\/5&#8243;][vc_column_text align=&#8220;center&#8220; css=&#8220;.vc_custom_1678434769137{margin-bottom: 0px !important;}&#8220;]<a href=\"https:\/\/dev.r-biopharm.com\/wp-content\/uploads\/teilnehmerzertifikat-de-2020.pdf\" target=\"_blank\" rel=\"noopener\">Teilnahmezertifikat 2019 f\u00fcr systembeteiligungspflichtige Verpackungen (DE)<\/a>[\/vc_column_text][\/vc_column_inner][vc_column_inner width=&#8220;1\/5&#8243;][\/vc_column_inner][vc_column_inner width=&#8220;1\/5&#8243;][\/vc_column_inner][vc_column_inner width=&#8220;1\/5&#8243;][\/vc_column_inner][vc_column_inner width=&#8220;1\/5&#8243;][\/vc_column_inner][\/vc_row_inner][\/vc_tta_section][\/vc_tta_tabs][\/vc_column][\/vc_row]\n<\/div>","protected":false},"excerpt":{"rendered":"<p>[mk_page_section bg_image=&#8220;https:\/\/dev.r-biopharm.com\/wp-content\/uploads\/230315_rbio_q-seite_header_desktop.jpg&#8220; bg_position=&#8220;center center&#8220; bg_repeat=&#8220;no-repeat&#8220; bg_stretch=&#8220;true&#8220; min_height=&#8220;200&#8243; full_width=&#8220;true&#8220; js_vertical_centered=&#8220;true&#8220; visibility=&#8220;hidden-nb&#8220; sidebar=&#8220;sidebar-1&#8243;][vc_column][\/vc_column][\/mk_page_section][mk_page_section bg_image=&#8220;https:\/\/dev.r-biopharm.com\/wp-content\/uploads\/230315_rbio_q-seite_header_mobile.jpg&#8220; bg_position=&#8220;center center&#8220; bg_repeat=&#8220;no-repeat&#8220; bg_stretch=&#8220;true&#8220; adaptive_height=&#8220;true&#8220; full_width=&#8220;true&#8220; js_vertical_centered=&#8220;true&#8220; visibility=&#8220;visible-nb&#8220; sidebar=&#8220;sidebar-1&#8243;][vc_column][\/vc_column][\/mk_page_section][vc_row][vc_column][mk_padding_divider][vc_column_text css=&#8220;.vc_custom_1678879762795{margin-bottom: 0px !important;}&#8220;] Certified Quality Das Bekenntnis von R-Biopharm zu verl\u00e4sslich hoher Qualit\u00e4t [\/vc_column_text][mk_padding_divider size=&#8220;30&#8243;][\/vc_column][\/vc_row][vc_row][vc_column width=&#8220;2\/3&#8243;][mk_padding_divider size=&#8220;30&#8243;][vc_column_text css=&#8220;.vc_custom_1678879812839{margin-bottom: 0px !important;}&#8220;]Als international anerkannter Spitzenanbieter entwickelt R-Biopharm exzellente Technologien, Produkte und L\u00f6sungen. F\u00fcr die Lebensmittel- und [&hellip;]<\/p>\n","protected":false},"author":1114,"featured_media":0,"parent":0,"menu_order":0,"comment_status":"closed","ping_status":"closed","template":"","meta":{"inline_featured_image":false,"footnotes":""},"acf":[],"yoast_head":"<!-- This site is optimized with the Yoast SEO plugin v21.8 - https:\/\/yoast.com\/wordpress\/plugins\/seo\/ -->\n<title>Certified Quality - R-Biopharm AG<\/title>\n<meta name=\"robots\" content=\"noindex, follow, max-snippet:-1, max-image-preview:large, max-video-preview:-1\" \/>\n<meta property=\"og:locale\" content=\"de_DE\" \/>\n<meta property=\"og:type\" content=\"article\" \/>\n<meta property=\"og:title\" content=\"Certified Quality - R-Biopharm AG\" \/>\n<meta property=\"og:description\" content=\"[mk_page_section bg_image=&#8220;https:\/\/dev.r-biopharm.com\/wp-content\/uploads\/230315_rbio_q-seite_header_desktop.jpg&#8220; bg_position=&#8220;center center&#8220; bg_repeat=&#8220;no-repeat&#8220; bg_stretch=&#8220;true&#8220; min_height=&#8220;200&#8243; full_width=&#8220;true&#8220; js_vertical_centered=&#8220;true&#8220; visibility=&#8220;hidden-nb&#8220; sidebar=&#8220;sidebar-1&#8243;][vc_column][\/vc_column][\/mk_page_section][mk_page_section bg_image=&#8220;https:\/\/dev.r-biopharm.com\/wp-content\/uploads\/230315_rbio_q-seite_header_mobile.jpg&#8220; bg_position=&#8220;center center&#8220; bg_repeat=&#8220;no-repeat&#8220; bg_stretch=&#8220;true&#8220; adaptive_height=&#8220;true&#8220; full_width=&#8220;true&#8220; js_vertical_centered=&#8220;true&#8220; visibility=&#8220;visible-nb&#8220; sidebar=&#8220;sidebar-1&#8243;][vc_column][\/vc_column][\/mk_page_section][vc_row][vc_column][mk_padding_divider][vc_column_text css=&#8220;.vc_custom_1678879762795{margin-bottom: 0px !important;}&#8220;] Certified Quality Das Bekenntnis von R-Biopharm zu verl\u00e4sslich hoher Qualit\u00e4t [\/vc_column_text][mk_padding_divider size=&#8220;30&#8243;][\/vc_column][\/vc_row][vc_row][vc_column width=&#8220;2\/3&#8243;][mk_padding_divider size=&#8220;30&#8243;][vc_column_text css=&#8220;.vc_custom_1678879812839{margin-bottom: 0px !important;}&#8220;]Als international anerkannter Spitzenanbieter entwickelt R-Biopharm exzellente Technologien, Produkte und L\u00f6sungen. F\u00fcr die Lebensmittel- und [&hellip;]\" \/>\n<meta property=\"og:url\" content=\"https:\/\/dev.r-biopharm.com\/de\/certified-quality\/\" \/>\n<meta property=\"og:site_name\" content=\"R-Biopharm AG\" \/>\n<meta name=\"twitter:label1\" content=\"Gesch\u00e4tzte Lesezeit\" \/>\n\t<meta name=\"twitter:data1\" content=\"2\u00a0Minuten\" \/>\n<script type=\"application\/ld+json\" class=\"yoast-schema-graph\">{\"@context\":\"https:\/\/schema.org\",\"@graph\":[{\"@type\":\"WebPage\",\"@id\":\"https:\/\/dev.r-biopharm.com\/de\/certified-quality\/\",\"url\":\"https:\/\/dev.r-biopharm.com\/de\/certified-quality\/\",\"name\":\"Certified Quality - R-Biopharm AG\",\"isPartOf\":{\"@id\":\"https:\/\/dev.dev.r-biopharm.com\/#website\"},\"datePublished\":\"2023-03-15T12:11:46+00:00\",\"dateModified\":\"2023-03-15T12:11:46+00:00\",\"breadcrumb\":{\"@id\":\"https:\/\/dev.r-biopharm.com\/de\/certified-quality\/#breadcrumb\"},\"inLanguage\":\"de\",\"potentialAction\":[{\"@type\":\"ReadAction\",\"target\":[\"https:\/\/dev.r-biopharm.com\/de\/certified-quality\/\"]}]},{\"@type\":\"BreadcrumbList\",\"@id\":\"https:\/\/dev.r-biopharm.com\/de\/certified-quality\/#breadcrumb\",\"itemListElement\":[{\"@type\":\"ListItem\",\"position\":1,\"name\":\"Home\",\"item\":\"https:\/\/dev.r-biopharm.com\/de\/\"},{\"@type\":\"ListItem\",\"position\":2,\"name\":\"Certified Quality\"}]},{\"@type\":\"WebSite\",\"@id\":\"https:\/\/dev.dev.r-biopharm.com\/#website\",\"url\":\"https:\/\/dev.dev.r-biopharm.com\/\",\"name\":\"R-Biopharm AG\",\"description\":\"\",\"potentialAction\":[{\"@type\":\"SearchAction\",\"target\":{\"@type\":\"EntryPoint\",\"urlTemplate\":\"https:\/\/dev.dev.r-biopharm.com\/?s={search_term_string}\"},\"query-input\":\"required name=search_term_string\"}],\"inLanguage\":\"de\"}]}<\/script>\n<!-- \/ Yoast SEO plugin. -->","yoast_head_json":{"title":"Certified Quality - R-Biopharm AG","robots":{"index":"noindex","follow":"follow","max-snippet":"max-snippet:-1","max-image-preview":"max-image-preview:large","max-video-preview":"max-video-preview:-1"},"og_locale":"de_DE","og_type":"article","og_title":"Certified Quality - R-Biopharm AG","og_description":"[mk_page_section bg_image=&#8220;https:\/\/dev.r-biopharm.com\/wp-content\/uploads\/230315_rbio_q-seite_header_desktop.jpg&#8220; bg_position=&#8220;center center&#8220; bg_repeat=&#8220;no-repeat&#8220; bg_stretch=&#8220;true&#8220; min_height=&#8220;200&#8243; full_width=&#8220;true&#8220; js_vertical_centered=&#8220;true&#8220; visibility=&#8220;hidden-nb&#8220; sidebar=&#8220;sidebar-1&#8243;][vc_column][\/vc_column][\/mk_page_section][mk_page_section bg_image=&#8220;https:\/\/dev.r-biopharm.com\/wp-content\/uploads\/230315_rbio_q-seite_header_mobile.jpg&#8220; bg_position=&#8220;center center&#8220; bg_repeat=&#8220;no-repeat&#8220; bg_stretch=&#8220;true&#8220; adaptive_height=&#8220;true&#8220; full_width=&#8220;true&#8220; js_vertical_centered=&#8220;true&#8220; visibility=&#8220;visible-nb&#8220; sidebar=&#8220;sidebar-1&#8243;][vc_column][\/vc_column][\/mk_page_section][vc_row][vc_column][mk_padding_divider][vc_column_text css=&#8220;.vc_custom_1678879762795{margin-bottom: 0px !important;}&#8220;] Certified Quality Das Bekenntnis von R-Biopharm zu verl\u00e4sslich hoher Qualit\u00e4t [\/vc_column_text][mk_padding_divider size=&#8220;30&#8243;][\/vc_column][\/vc_row][vc_row][vc_column width=&#8220;2\/3&#8243;][mk_padding_divider size=&#8220;30&#8243;][vc_column_text css=&#8220;.vc_custom_1678879812839{margin-bottom: 0px !important;}&#8220;]Als international anerkannter Spitzenanbieter entwickelt R-Biopharm exzellente Technologien, Produkte und L\u00f6sungen. F\u00fcr die Lebensmittel- und [&hellip;]","og_url":"https:\/\/dev.r-biopharm.com\/de\/certified-quality\/","og_site_name":"R-Biopharm AG","twitter_misc":{"Gesch\u00e4tzte Lesezeit":"2\u00a0Minuten"},"schema":{"@context":"https:\/\/schema.org","@graph":[{"@type":"WebPage","@id":"https:\/\/dev.r-biopharm.com\/de\/certified-quality\/","url":"https:\/\/dev.r-biopharm.com\/de\/certified-quality\/","name":"Certified Quality - R-Biopharm AG","isPartOf":{"@id":"https:\/\/dev.dev.r-biopharm.com\/#website"},"datePublished":"2023-03-15T12:11:46+00:00","dateModified":"2023-03-15T12:11:46+00:00","breadcrumb":{"@id":"https:\/\/dev.r-biopharm.com\/de\/certified-quality\/#breadcrumb"},"inLanguage":"de","potentialAction":[{"@type":"ReadAction","target":["https:\/\/dev.r-biopharm.com\/de\/certified-quality\/"]}]},{"@type":"BreadcrumbList","@id":"https:\/\/dev.r-biopharm.com\/de\/certified-quality\/#breadcrumb","itemListElement":[{"@type":"ListItem","position":1,"name":"Home","item":"https:\/\/dev.r-biopharm.com\/de\/"},{"@type":"ListItem","position":2,"name":"Certified Quality"}]},{"@type":"WebSite","@id":"https:\/\/dev.dev.r-biopharm.com\/#website","url":"https:\/\/dev.dev.r-biopharm.com\/","name":"R-Biopharm AG","description":"","potentialAction":[{"@type":"SearchAction","target":{"@type":"EntryPoint","urlTemplate":"https:\/\/dev.dev.r-biopharm.com\/?s={search_term_string}"},"query-input":"required name=search_term_string"}],"inLanguage":"de"}]}},"_links":{"self":[{"href":"https:\/\/dev.r-biopharm.com\/de\/wp-json\/wp\/v2\/pages\/8800"}],"collection":[{"href":"https:\/\/dev.r-biopharm.com\/de\/wp-json\/wp\/v2\/pages"}],"about":[{"href":"https:\/\/dev.r-biopharm.com\/de\/wp-json\/wp\/v2\/types\/page"}],"author":[{"embeddable":true,"href":"https:\/\/dev.r-biopharm.com\/de\/wp-json\/wp\/v2\/users\/1114"}],"replies":[{"embeddable":true,"href":"https:\/\/dev.r-biopharm.com\/de\/wp-json\/wp\/v2\/comments?post=8800"}],"version-history":[{"count":38,"href":"https:\/\/dev.r-biopharm.com\/de\/wp-json\/wp\/v2\/pages\/8800\/revisions"}],"predecessor-version":[{"id":8936,"href":"https:\/\/dev.r-biopharm.com\/de\/wp-json\/wp\/v2\/pages\/8800\/revisions\/8936"}],"wp:attachment":[{"href":"https:\/\/dev.r-biopharm.com\/de\/wp-json\/wp\/v2\/media?parent=8800"}],"curies":[{"name":"wp","href":"https:\/\/api.w.org\/{rel}","templated":true}]}}